{"id":162,"date":"2024-04-17T16:29:27","date_gmt":"2024-04-17T16:29:27","guid":{"rendered":"https:\/\/thaibogroup.com\/?page_id=162"},"modified":"2024-04-29T17:57:09","modified_gmt":"2024-04-29T17:57:09","slug":"nosotros","status":"publish","type":"page","link":"https:\/\/thaibogroup.com\/index.php\/nosotros\/","title":{"rendered":"Nosotros"},"content":{"rendered":"\t\t<div data-elementor-type=\"wp-page\" data-elementor-id=\"162\" class=\"elementor elementor-162\">\n\t\t\t\t<div class=\"elementor-element elementor-element-afa65ba e-con-full e-flex e-con e-parent\" data-id=\"afa65ba\" data-element_type=\"container\" data-settings=\"{&quot;shape_divider_bottom&quot;:&quot;tilt&quot;}\">\n\t\t\t\t<div class=\"elementor-shape elementor-shape-bottom\" data-negative=\"false\">\n\t\t\t<svg xmlns=\"http:\/\/www.w3.org\/2000\/svg\" viewBox=\"0 0 1000 100\" preserveAspectRatio=\"none\">\n\t<path class=\"elementor-shape-fill\" d=\"M0,6V0h1000v100L0,6z\"\/>\n<\/svg>\t\t<\/div>\n\t\t\t\t<div class=\"elementor-element elementor-element-b17e6f8 elementor-widget elementor-widget-heading\" data-id=\"b17e6f8\" data-element_type=\"widget\" data-widget_type=\"heading.default\">\n\t\t\t\t<div class=\"elementor-widget-container\">\n\t\t\t<style>\/*! elementor - v3.21.0 - 18-04-2024 *\/\n.elementor-heading-title{padding:0;margin:0;line-height:1}.elementor-widget-heading .elementor-heading-title[class*=elementor-size-]>a{color:inherit;font-size:inherit;line-height:inherit}.elementor-widget-heading .elementor-heading-title.elementor-size-small{font-size:15px}.elementor-widget-heading .elementor-heading-title.elementor-size-medium{font-size:19px}.elementor-widget-heading .elementor-heading-title.elementor-size-large{font-size:29px}.elementor-widget-heading .elementor-heading-title.elementor-size-xl{font-size:39px}.elementor-widget-heading .elementor-heading-title.elementor-size-xxl{font-size:59px}<\/style><h2 class=\"elementor-heading-title elementor-size-default\">Sobre Thaibo Grupo Estrat\u00e9gico <\/h2>\t\t<\/div>\n\t\t\t\t<\/div>\n\t\t\t\t<div class=\"elementor-element elementor-element-61c8953 elementor-widget elementor-widget-text-editor\" data-id=\"61c8953\" data-element_type=\"widget\" data-widget_type=\"text-editor.default\">\n\t\t\t\t<div class=\"elementor-widget-container\">\n\t\t\t<style>\/*! elementor - v3.21.0 - 18-04-2024 *\/\n.elementor-widget-text-editor.elementor-drop-cap-view-stacked .elementor-drop-cap{background-color:#69727d;color:#fff}.elementor-widget-text-editor.elementor-drop-cap-view-framed .elementor-drop-cap{color:#69727d;border:3px solid;background-color:transparent}.elementor-widget-text-editor:not(.elementor-drop-cap-view-default) .elementor-drop-cap{margin-top:8px}.elementor-widget-text-editor:not(.elementor-drop-cap-view-default) .elementor-drop-cap-letter{width:1em;height:1em}.elementor-widget-text-editor .elementor-drop-cap{float:left;text-align:center;line-height:1;font-size:50px}.elementor-widget-text-editor .elementor-drop-cap-letter{display:inline-block}<\/style>\t\t\t\tSomos especialistas en<span style=\"color:#1A288E\">\u00a0<strong>servicios integrales<\/strong><\/span>\u00a0de administraci\u00f3n del recurso humano.\t\t\t\t\t\t<\/div>\n\t\t\t\t<\/div>\n\t\t\t\t<\/div>\n\t\t<div class=\"elementor-element elementor-element-f470e7e e-flex e-con-boxed e-con e-parent\" data-id=\"f470e7e\" data-element_type=\"container\">\n\t\t\t\t\t<div class=\"e-con-inner\">\n\t\t<div class=\"elementor-element elementor-element-af4a78d e-con-full e-flex e-con e-child\" data-id=\"af4a78d\" data-element_type=\"container\">\n\t\t\t\t<div class=\"elementor-element elementor-element-ea2b75e elementor-widget elementor-widget-text-editor\" data-id=\"ea2b75e\" data-element_type=\"widget\" data-widget_type=\"text-editor.default\">\n\t\t\t\t<div class=\"elementor-widget-container\">\n\t\t\t\t\t\t\t<p>En Thaibo Grupo Estrat\u00e9gico contamos con un equipo\u00a0 especializado en las \u00e1reas de recursos humanos, derecho laboral y tributario que garantiza un soporte de sus operaciones con formaci\u00f3n en firmas multinacionales de recursos humanos as\u00ed como de instituciones reguladoras.<\/p>\t\t\t\t\t\t<\/div>\n\t\t\t\t<\/div>\n\t\t\t\t<div class=\"elementor-element elementor-element-dd9f579 elementor-widget elementor-widget-text-editor\" data-id=\"dd9f579\" data-element_type=\"widget\" data-widget_type=\"text-editor.default\">\n\t\t\t\t<div class=\"elementor-widget-container\">\n\t\t\t\t\t\t\t<h4 class=\"mt-4 mb-0\"><strong><span style=\"color:#0D2673\">Crecimiento en conexi\u00f3n<\/span><\/strong><\/h4>\t\t\t\t\t\t<\/div>\n\t\t\t\t<\/div>\n\t\t\t\t<\/div>\n\t\t<div class=\"elementor-element elementor-element-1ec02e8 e-con-full e-flex e-con e-child\" data-id=\"1ec02e8\" data-element_type=\"container\">\n\t\t\t\t<div class=\"elementor-element elementor-element-736be7f elementor-widget elementor-widget-image\" data-id=\"736be7f\" data-element_type=\"widget\" data-widget_type=\"image.default\">\n\t\t\t\t<div class=\"elementor-widget-container\">\n\t\t\t<style>\/*! elementor - v3.21.0 - 18-04-2024 *\/\n.elementor-widget-image{text-align:center}.elementor-widget-image a{display:inline-block}.elementor-widget-image a img[src$=\".svg\"]{width:48px}.elementor-widget-image img{vertical-align:middle;display:inline-block}<\/style>\t\t\t\t\t\t\t\t\t\t<img fetchpriority=\"high\" decoding=\"async\" width=\"800\" height=\"534\" src=\"https:\/\/thaibogroup.com\/wp-content\/uploads\/2024\/04\/web-thaibo-2.jpg\" class=\"attachment-large size-large wp-image-171\" alt=\"\" srcset=\"https:\/\/thaibogroup.com\/wp-content\/uploads\/2024\/04\/web-thaibo-2.jpg 1000w, https:\/\/thaibogroup.com\/wp-content\/uploads\/2024\/04\/web-thaibo-2-300x200.jpg 300w, https:\/\/thaibogroup.com\/wp-content\/uploads\/2024\/04\/web-thaibo-2-768x512.jpg 768w\" sizes=\"(max-width: 800px) 100vw, 800px\" \/>\t\t\t\t\t\t\t\t\t\t\t\t\t<\/div>\n\t\t\t\t<\/div>\n\t\t\t\t<\/div>\n\t\t\t\t\t<\/div>\n\t\t\t\t<\/div>\n\t\t<div class=\"elementor-element elementor-element-9ac9dc3 e-flex e-con-boxed e-con e-parent\" data-id=\"9ac9dc3\" data-element_type=\"container\">\n\t\t\t\t\t<div class=\"e-con-inner\">\n\t\t\t\t<div class=\"elementor-element elementor-element-d142139 elementor-widget elementor-widget-text-editor\" data-id=\"d142139\" data-element_type=\"widget\" data-widget_type=\"text-editor.default\">\n\t\t\t\t<div class=\"elementor-widget-container\">\n\t\t\t\t\t\t\t<h2><span style=\"color: #0d2673;\"><b>Trabajamos en conexi\u00f3n<\/span>\u00a0entregando\u00a0soluciones que superen sus expectativas.<\/b><\/h2>\t\t\t\t\t\t<\/div>\n\t\t\t\t<\/div>\n\t\t\t\t<div class=\"elementor-element elementor-element-3821d65 elementor-align-center elementor-widget elementor-widget-button\" data-id=\"3821d65\" data-element_type=\"widget\" data-widget_type=\"button.default\">\n\t\t\t\t<div class=\"elementor-widget-container\">\n\t\t\t\t\t<div class=\"elementor-button-wrapper\">\n\t\t\t<a class=\"elementor-button elementor-button-link elementor-size-sm\" href=\"https:\/\/thaibogroup.com\/index.php\/contacto\/\">\n\t\t\t\t\t\t<span class=\"elementor-button-content-wrapper\">\n\t\t\t\t\t\t\t\t\t<span class=\"elementor-button-text\">Contacto<\/span>\n\t\t\t\t\t<\/span>\n\t\t\t\t\t<\/a>\n\t\t<\/div>\n\t\t\t\t<\/div>\n\t\t\t\t<\/div>\n\t\t\t\t\t<\/div>\n\t\t\t\t<\/div>\n\t\t\t\t<\/div>\n\t\t","protected":false},"excerpt":{"rendered":"<p>Sobre Thaibo Grupo Estrat\u00e9gico Somos especialistas en\u00a0servicios integrales\u00a0de administraci\u00f3n del recurso humano. En Thaibo Grupo Estrat\u00e9gico contamos con un equipo\u00a0 especializado en las \u00e1reas de recursos humanos, derecho laboral y tributario que garantiza un soporte de sus operaciones con formaci\u00f3n en firmas multinacionales de recursos humanos as\u00ed como de instituciones reguladoras. Crecimiento en conexi\u00f3n Trabajamos [&hellip;]<\/p>\n","protected":false},"author":1,"featured_media":0,"parent":0,"menu_order":0,"comment_status":"closed","ping_status":"closed","template":"","meta":{"footnotes":""},"class_list":["post-162","page","type-page","status-publish","hentry"],"_links":{"self":[{"href":"https:\/\/thaibogroup.com\/index.php\/wp-json\/wp\/v2\/pages\/162","targetHints":{"allow":["GET"]}}],"collection":[{"href":"https:\/\/thaibogroup.com\/index.php\/wp-json\/wp\/v2\/pages"}],"about":[{"href":"https:\/\/thaibogroup.com\/index.php\/wp-json\/wp\/v2\/types\/page"}],"author":[{"embeddable":true,"href":"https:\/\/thaibogroup.com\/index.php\/wp-json\/wp\/v2\/users\/1"}],"replies":[{"embeddable":true,"href":"https:\/\/thaibogroup.com\/index.php\/wp-json\/wp\/v2\/comments?post=162"}],"version-history":[{"count":19,"href":"https:\/\/thaibogroup.com\/index.php\/wp-json\/wp\/v2\/pages\/162\/revisions"}],"predecessor-version":[{"id":601,"href":"https:\/\/thaibogroup.com\/index.php\/wp-json\/wp\/v2\/pages\/162\/revisions\/601"}],"wp:attachment":[{"href":"https:\/\/thaibogroup.com\/index.php\/wp-json\/wp\/v2\/media?parent=162"}],"curies":[{"name":"wp","href":"https:\/\/api.w.org\/{rel}","templated":true}]}}